{"id":554,"date":"2021-02-04T19:00:33","date_gmt":"2021-02-04T19:00:33","guid":{"rendered":"https:\/\/trafic-innovation.com\/?page_id=554"},"modified":"2025-02-11T05:33:56","modified_gmt":"2025-02-11T05:33:56","slug":"links","status":"publish","type":"page","link":"https:\/\/trafic-innovation.com\/en\/links\/","title":{"rendered":"External links"},"content":{"rendered":"<p>[et_pb_section fb_built=&#8221;1&#8243; _builder_version=&#8221;4.16&#8243; global_colors_info=&#8221;{}&#8221;][et_pb_row _builder_version=&#8221;4.16&#8243; background_size=&#8221;initial&#8221; background_position=&#8221;top_left&#8221; background_repeat=&#8221;repeat&#8221; global_colors_info=&#8221;{}&#8221;][et_pb_column type=&#8221;4_4&#8243; _builder_version=&#8221;4.16&#8243; custom_padding=&#8221;|||&#8221; global_colors_info=&#8221;{}&#8221; custom_padding__hover=&#8221;|||&#8221;][et_pb_text _builder_version=&#8221;4.16&#8243; _module_preset=&#8221;default&#8221; global_colors_info=&#8221;{}&#8221;]<\/p>\n<h1>Links<\/h1>\n<p>[\/et_pb_text][et_pb_text _builder_version=&#8221;4.25.1&#8243; background_size=&#8221;initial&#8221; background_position=&#8221;top_left&#8221; background_repeat=&#8221;repeat&#8221; hover_enabled=&#8221;0&#8243; global_colors_info=&#8221;{}&#8221; sticky_enabled=&#8221;0&#8243;]<\/p>\n<div class=\"englobeurLien\">\n<p>AQTR<br \/><a href=\"https:\/\/aqtr.com\/\" target=\"_blank\" rel=\"noopener\">Association Qu\u00e9b\u00e9coise du Transport et des Routes<\/a><\/p>\n<\/div>\n<div class=\"englobeurLien\">\n<p>TP QU\u00c9BEC<br \/><a href=\"https:\/\/tpquebec.ca\/\" target=\"_blank\" rel=\"noopener\">Ahttps:\/\/tpquebec.ca\/<\/a><\/p>\n<\/div>\n<div class=\"englobeurLien\">\n<p>ATSSA<br \/><a href=\"https:\/\/www.atssa.com\/\" target=\"_blank\" rel=\"noopener\">American Traffic Safety Services Association<\/a><\/p>\n<\/div>\n<div class=\"englobeurLien\">\n<p>FQM<br \/><a href=\"https:\/\/www.fqm.ca\/\" target=\"_blank\" rel=\"noopener\">F\u00e9d\u00e9ration Qu\u00e9b\u00e9coise des Municipalit\u00e9s<\/a><\/p>\n<\/div>\n<div class=\"englobeurLien\">\n<p>MTQ<br \/><a href=\"https:\/\/www.transports.gouv.qc.ca\/en\/Pages\/Home.aspx\" target=\"_blank\" rel=\"noopener\">Minist\u00e8re des Transports du Qu\u00e9bec<\/a><\/p>\n<\/div>\n<div class=\"englobeurLien\">\n<p>Transport Canada<br \/><a href=\"https:\/\/tc.canada.ca\/en\" target=\"_blank\" rel=\"noopener\">Transport Canada<\/a><\/p>\n<\/div>\n<div class=\"englobeurLien\">\n<p>UMQ<br \/><a href=\"https:\/\/www.umq.qc.ca\/\" target=\"_blank\" rel=\"noopener\">Union des Municipalit\u00e9s du Qu\u00e9bec<\/a><\/p>\n<\/div>\n<p>[\/et_pb_text][\/et_pb_column][\/et_pb_row][\/et_pb_section]<\/p>\n","protected":false},"excerpt":{"rendered":"<p>Links AQTRAssociation Qu\u00e9b\u00e9coise du Transport et des Routes TP QU\u00c9BECAhttps:\/\/tpquebec.ca\/ ATSSAAmerican Traffic Safety Services Association FQMF\u00e9d\u00e9ration Qu\u00e9b\u00e9coise des Municipalit\u00e9s MTQMinist\u00e8re des Transports du Qu\u00e9bec Transport CanadaTransport Canada UMQUnion des Municipalit\u00e9s du Qu\u00e9bec<\/p>\n","protected":false},"author":1,"featured_media":18866,"parent":0,"menu_order":0,"comment_status":"closed","ping_status":"open","template":"","meta":{"_acf_changed":false,"_et_pb_use_builder":"on","_et_pb_old_content":"","_et_gb_content_width":"","footnotes":""},"class_list":["post-554","page","type-page","status-publish","has-post-thumbnail","hentry"],"acf":[],"yoast_head":"<!-- This site is optimized with the Yoast SEO plugin v22.7 - https:\/\/yoast.com\/wordpress\/plugins\/seo\/ -->\n<title>Traffic Innovation - External links<\/title>\n<meta name=\"description\" content=\"Consult our external links list to know more about the associations, ministries and federations of our company.\" \/>\n<meta name=\"robots\" content=\"index, follow, max-snippet:-1, max-image-preview:large, max-video-preview:-1\" \/>\n<link rel=\"canonical\" href=\"https:\/\/trafic-innovation.com\/en\/links\/\" \/>\n<meta property=\"og:locale\" content=\"en_US\" \/>\n<meta property=\"og:type\" content=\"article\" \/>\n<meta property=\"og:title\" content=\"Traffic Innovation - External links\" \/>\n<meta property=\"og:description\" content=\"Consult our external links list to know more about the associations, ministries and federations of our company.\" \/>\n<meta property=\"og:url\" content=\"https:\/\/trafic-innovation.com\/en\/links\/\" \/>\n<meta property=\"og:site_name\" content=\"Traffic Innovation\" \/>\n<meta property=\"article:modified_time\" content=\"2025-02-11T05:33:56+00:00\" \/>\n<meta property=\"og:image\" content=\"https:\/\/trafic-innovation.com\/wp-content\/uploads\/2023\/03\/TraficInnovation-Favicon-512px.png\" \/>\n\t<meta property=\"og:image:width\" content=\"512\" \/>\n\t<meta property=\"og:image:height\" content=\"512\" \/>\n\t<meta property=\"og:image:type\" content=\"image\/png\" \/>\n<meta name=\"twitter:card\" content=\"summary_large_image\" \/>\n<meta name=\"twitter:label1\" content=\"Est. reading time\" \/>\n\t<meta name=\"twitter:data1\" content=\"1 minute\" \/>\n<script type=\"application\/ld+json\" class=\"yoast-schema-graph\">{\"@context\":\"https:\/\/schema.org\",\"@graph\":[{\"@type\":\"WebPage\",\"@id\":\"https:\/\/trafic-innovation.com\/en\/links\/\",\"url\":\"https:\/\/trafic-innovation.com\/en\/links\/\",\"name\":\"Traffic Innovation - External links\",\"isPartOf\":{\"@id\":\"https:\/\/trafic-innovation.com\/en\/#website\"},\"primaryImageOfPage\":{\"@id\":\"https:\/\/trafic-innovation.com\/en\/links\/#primaryimage\"},\"image\":{\"@id\":\"https:\/\/trafic-innovation.com\/en\/links\/#primaryimage\"},\"thumbnailUrl\":\"https:\/\/trafic-innovation.com\/wp-content\/uploads\/2023\/03\/TraficInnovation-Favicon-512px.png\",\"datePublished\":\"2021-02-04T19:00:33+00:00\",\"dateModified\":\"2025-02-11T05:33:56+00:00\",\"description\":\"Consult our external links list to know more about the associations, ministries and federations of our company.\",\"inLanguage\":\"en-CA\",\"potentialAction\":[{\"@type\":\"ReadAction\",\"target\":[\"https:\/\/trafic-innovation.com\/en\/links\/\"]}]},{\"@type\":\"ImageObject\",\"inLanguage\":\"en-CA\",\"@id\":\"https:\/\/trafic-innovation.com\/en\/links\/#primaryimage\",\"url\":\"https:\/\/trafic-innovation.com\/wp-content\/uploads\/2023\/03\/TraficInnovation-Favicon-512px.png\",\"contentUrl\":\"https:\/\/trafic-innovation.com\/wp-content\/uploads\/2023\/03\/TraficInnovation-Favicon-512px.png\",\"width\":512,\"height\":512},{\"@type\":\"WebSite\",\"@id\":\"https:\/\/trafic-innovation.com\/en\/#website\",\"url\":\"https:\/\/trafic-innovation.com\/en\/\",\"name\":\"Traffic Innovation\",\"description\":\"New technologies for safe and smart road networks\",\"publisher\":{\"@id\":\"https:\/\/trafic-innovation.com\/en\/#organization\"},\"potentialAction\":[{\"@type\":\"SearchAction\",\"target\":{\"@type\":\"EntryPoint\",\"urlTemplate\":\"https:\/\/trafic-innovation.com\/en\/?s={search_term_string}\"},\"query-input\":\"required name=search_term_string\"}],\"inLanguage\":\"en-CA\"},{\"@type\":\"Organization\",\"@id\":\"https:\/\/trafic-innovation.com\/en\/#organization\",\"name\":\"Traffic Innovation\",\"url\":\"https:\/\/trafic-innovation.com\/en\/\",\"logo\":{\"@type\":\"ImageObject\",\"inLanguage\":\"en-CA\",\"@id\":\"https:\/\/trafic-innovation.com\/en\/#\/schema\/logo\/image\/\",\"url\":\"https:\/\/trafic-innovation.com\/wp-content\/uploads\/2020\/12\/trafficinnovations_logo.png\",\"contentUrl\":\"https:\/\/trafic-innovation.com\/wp-content\/uploads\/2020\/12\/trafficinnovations_logo.png\",\"width\":178,\"height\":38,\"caption\":\"Traffic Innovation\"},\"image\":{\"@id\":\"https:\/\/trafic-innovation.com\/en\/#\/schema\/logo\/image\/\"}}]}<\/script>\n<!-- \/ Yoast SEO plugin. -->","yoast_head_json":{"title":"Traffic Innovation - External links","description":"Consult our external links list to know more about the associations, ministries and federations of our company.","robots":{"index":"index","follow":"follow","max-snippet":"max-snippet:-1","max-image-preview":"max-image-preview:large","max-video-preview":"max-video-preview:-1"},"canonical":"https:\/\/trafic-innovation.com\/en\/links\/","og_locale":"en_US","og_type":"article","og_title":"Traffic Innovation - External links","og_description":"Consult our external links list to know more about the associations, ministries and federations of our company.","og_url":"https:\/\/trafic-innovation.com\/en\/links\/","og_site_name":"Traffic Innovation","article_modified_time":"2025-02-11T05:33:56+00:00","og_image":[{"width":512,"height":512,"url":"https:\/\/trafic-innovation.com\/wp-content\/uploads\/2023\/03\/TraficInnovation-Favicon-512px.png","type":"image\/png"}],"twitter_card":"summary_large_image","twitter_misc":{"Est. reading time":"1 minute"},"schema":{"@context":"https:\/\/schema.org","@graph":[{"@type":"WebPage","@id":"https:\/\/trafic-innovation.com\/en\/links\/","url":"https:\/\/trafic-innovation.com\/en\/links\/","name":"Traffic Innovation - External links","isPartOf":{"@id":"https:\/\/trafic-innovation.com\/en\/#website"},"primaryImageOfPage":{"@id":"https:\/\/trafic-innovation.com\/en\/links\/#primaryimage"},"image":{"@id":"https:\/\/trafic-innovation.com\/en\/links\/#primaryimage"},"thumbnailUrl":"https:\/\/trafic-innovation.com\/wp-content\/uploads\/2023\/03\/TraficInnovation-Favicon-512px.png","datePublished":"2021-02-04T19:00:33+00:00","dateModified":"2025-02-11T05:33:56+00:00","description":"Consult our external links list to know more about the associations, ministries and federations of our company.","inLanguage":"en-CA","potentialAction":[{"@type":"ReadAction","target":["https:\/\/trafic-innovation.com\/en\/links\/"]}]},{"@type":"ImageObject","inLanguage":"en-CA","@id":"https:\/\/trafic-innovation.com\/en\/links\/#primaryimage","url":"https:\/\/trafic-innovation.com\/wp-content\/uploads\/2023\/03\/TraficInnovation-Favicon-512px.png","contentUrl":"https:\/\/trafic-innovation.com\/wp-content\/uploads\/2023\/03\/TraficInnovation-Favicon-512px.png","width":512,"height":512},{"@type":"WebSite","@id":"https:\/\/trafic-innovation.com\/en\/#website","url":"https:\/\/trafic-innovation.com\/en\/","name":"Traffic Innovation","description":"New technologies for safe and smart road networks","publisher":{"@id":"https:\/\/trafic-innovation.com\/en\/#organization"},"potentialAction":[{"@type":"SearchAction","target":{"@type":"EntryPoint","urlTemplate":"https:\/\/trafic-innovation.com\/en\/?s={search_term_string}"},"query-input":"required name=search_term_string"}],"inLanguage":"en-CA"},{"@type":"Organization","@id":"https:\/\/trafic-innovation.com\/en\/#organization","name":"Traffic Innovation","url":"https:\/\/trafic-innovation.com\/en\/","logo":{"@type":"ImageObject","inLanguage":"en-CA","@id":"https:\/\/trafic-innovation.com\/en\/#\/schema\/logo\/image\/","url":"https:\/\/trafic-innovation.com\/wp-content\/uploads\/2020\/12\/trafficinnovations_logo.png","contentUrl":"https:\/\/trafic-innovation.com\/wp-content\/uploads\/2020\/12\/trafficinnovations_logo.png","width":178,"height":38,"caption":"Traffic Innovation"},"image":{"@id":"https:\/\/trafic-innovation.com\/en\/#\/schema\/logo\/image\/"}}]}},"_links":{"self":[{"href":"https:\/\/trafic-innovation.com\/en\/wp-json\/wp\/v2\/pages\/554","targetHints":{"allow":["GET"]}}],"collection":[{"href":"https:\/\/trafic-innovation.com\/en\/wp-json\/wp\/v2\/pages"}],"about":[{"href":"https:\/\/trafic-innovation.com\/en\/wp-json\/wp\/v2\/types\/page"}],"author":[{"embeddable":true,"href":"https:\/\/trafic-innovation.com\/en\/wp-json\/wp\/v2\/users\/1"}],"replies":[{"embeddable":true,"href":"https:\/\/trafic-innovation.com\/en\/wp-json\/wp\/v2\/comments?post=554"}],"version-history":[{"count":12,"href":"https:\/\/trafic-innovation.com\/en\/wp-json\/wp\/v2\/pages\/554\/revisions"}],"predecessor-version":[{"id":51075,"href":"https:\/\/trafic-innovation.com\/en\/wp-json\/wp\/v2\/pages\/554\/revisions\/51075"}],"wp:featuredmedia":[{"embeddable":true,"href":"https:\/\/trafic-innovation.com\/en\/wp-json\/wp\/v2\/media\/18866"}],"wp:attachment":[{"href":"https:\/\/trafic-innovation.com\/en\/wp-json\/wp\/v2\/media?parent=554"}],"curies":[{"name":"wp","href":"https:\/\/api.w.org\/{rel}","templated":true}]}}